{"id":2717,"date":"2024-07-31T10:47:35","date_gmt":"2024-07-31T14:47:35","guid":{"rendered":"https:\/\/scadatech.cl\/home\/?page_id=2717"},"modified":"2024-09-22T21:40:02","modified_gmt":"2024-09-23T01:40:02","slug":"servicios","status":"publish","type":"page","link":"https:\/\/scadatech.cl\/home\/servicios\/","title":{"rendered":"Servicios"},"content":{"rendered":"<div class=\"wpb-content-wrapper\"><p>[vc_row full_width=&#8221;stretch_row&#8221; css=&#8221;.vc_custom_1722443349784{padding-top: 120px !important;padding-bottom: 63px !important;background-color: #ffffff !important;}&#8221;][vc_column width=&#8221;1\/2&#8243; css=&#8221;.vc_custom_1722443733893{padding-right: 5% !important;padding-left: 5% !important;}&#8221;][vc_gallery type=&#8221;image_grid&#8221; images=&#8221;2518,2990,2544&#8243; img_size=&#8221;500&#215;200&#8243; css=&#8221;&#8221;][\/vc_column][vc_column width=&#8221;1\/2&#8243; css=&#8221;.vc_custom_1727055523168{padding-right: 5% !important;padding-left: 5% !important;}&#8221; el_id=&#8221;sistemas&#8221;][vc_single_image image=&#8221;2378&#8243; img_size=&#8221;100&#215;100&#8243; css=&#8221;&#8221;]\n        <div class=\"twt-wrap \">\n            <h1 style=\"color:#1f6cbb;font-size: 36px\">Sistemas SCADA y SITR<\/h1>\n            \n        <\/div>\n    [vc_empty_space]\n    <div class=\"unordered-list-wrap \">\n         \n        <h4><\/h4>\n                \n            <div class=\"twial-list short-list no-list-style unordered-list-612 list-icon-type-imageicon\">\n                <ul><li><i class=\"\"><\/i>Dise\u00f1o, especificaciones t\u00e9cnicas e ingenier\u00eda para sistemas SCADA y centros de control.<\/li><li><i class=\"\"><\/i>Suministro, construcci\u00f3n, pruebas y puesta en servicio.<\/li><li><i class=\"\"><\/i>Implementaci\u00f3n de sistemas de informaci\u00f3n en tiempo real SITR seg\u00fan NTSyCS.<\/li><li><i class=\"\"><\/i>Pruebas punto a punto con el Coordinador El\u00e9ctrico Nacional.<\/li><li><i class=\"\"><\/i>Integraci\u00f3n con otros centros de control.<\/li><li><i class=\"\"><\/i>Soluciones especializadas en protocolos de comunicaciones el\u00e9ctricas (ICCP, DNP 3.0, IEC 60870-5-101\/103\/104, IEC61850).<\/li>\n                <\/ul>\n            <\/div>  \n            \n                <style>\n                     .unordered-list-612.list-icon-type-imageicon li:before {\n                         background-image: url(https:\/\/scadatech.cl\/home\/wp-content\/uploads\/2018\/07\/lict-icon.png);\n                     }   \n                <\/style>\n            \n    <\/div>\n    [\/vc_column][\/vc_row][vc_row full_width=&#8221;stretch_row&#8221; css=&#8221;.vc_custom_1722443698272{padding-top: 120px !important;padding-bottom: 63px !important;background-color: #f7f7f7 !important;}&#8221;][vc_column width=&#8221;1\/2&#8243; css=&#8221;.vc_custom_1727055590849{padding-left: 5% !important;}&#8221; el_id=&#8221;integracion&#8221;][vc_single_image image=&#8221;2376&#8243; img_size=&#8221;100&#215;100&#8243; css=&#8221;&#8221;]\n        <div class=\"twt-wrap \">\n            <h1 style=\"color:#1f6cbb;font-size: 36px\">Integraci\u00f3n de subestaciones el\u00e9ctricas<\/h1>\n            \n        <\/div>\n    [vc_empty_space]\n    <div class=\"unordered-list-wrap \">\n         \n        <h4><\/h4>\n                \n            <div class=\"twial-list short-list no-list-style unordered-list-168 list-icon-type-imageicon\">\n                <ul><li><i class=\"\"><\/i>Integraci\u00f3n de sistemas de control y protecciones para SSEE mediante Gateway de comunicaciones.<\/li><li><i class=\"\"><\/i>Sincronizaci\u00f3n horaria mediante GPS (PTP\/IEEE-1588, IRIG-B, SNTP).<\/li><li><i class=\"\"><\/i>Implementaci\u00f3n de sistemas de lectura remota de protecciones el\u00e9ctricas SLRP.<\/li><li><i class=\"\"><\/i>Pruebas punto a punto con el Coordinador El\u00e9ctrico Nacional.<\/li><li><i class=\"\"><\/i>Integraci\u00f3n con sistemas SCADA y otros centros de control.<\/li><li><i class=\"\"><\/i>Soluciones especializadas en protocolos de comunicaciones el\u00e9ctricas (ICCP, DNP 3.0, IEC 60870-5-101\/103\/104, IEC61850).<\/li>\n                <\/ul>\n            <\/div>  \n            \n                <style>\n                     .unordered-list-168.list-icon-type-imageicon li:before {\n                         background-image: url(https:\/\/scadatech.cl\/home\/wp-content\/uploads\/2018\/07\/lict-icon.png);\n                     }   \n                <\/style>\n            \n    <\/div>\n    [\/vc_column][vc_column width=&#8221;1\/2&#8243; css=&#8221;.vc_custom_1722443556171{padding-right: 5% !important;padding-left: 5% !important;}&#8221;][vc_gallery type=&#8221;image_grid&#8221; images=&#8221;2994,2993,2992&#8243; img_size=&#8221;500&#215;200&#8243; css=&#8221;&#8221;][\/vc_column][\/vc_row][vc_row full_width=&#8221;stretch_row&#8221; css=&#8221;.vc_custom_1722443349784{padding-top: 120px !important;padding-bottom: 63px !important;background-color: #ffffff !important;}&#8221;][vc_column width=&#8221;1\/2&#8243; css=&#8221;.vc_custom_1722443733893{padding-right: 5% !important;padding-left: 5% !important;}&#8221;][vc_gallery type=&#8221;image_grid&#8221; images=&#8221;2995,2996,2997&#8243; img_size=&#8221;500&#215;200&#8243; css=&#8221;&#8221;][\/vc_column][vc_column width=&#8221;1\/2&#8243; css=&#8221;.vc_custom_1727055599196{padding-right: 5% !important;padding-left: 5% !important;}&#8221; el_id=&#8221;soporte&#8221;][vc_single_image image=&#8221;2379&#8243; img_size=&#8221;100&#215;100&#8243; css=&#8221;&#8221;]\n        <div class=\"twt-wrap \">\n            <h1 style=\"color:#1f6cbb;font-size: 36px\">Soporte y mantenimiento<\/h1>\n            \n        <\/div>\n    [vc_empty_space]\n    <div class=\"unordered-list-wrap \">\n         \n        <h4><\/h4>\n                \n            <div class=\"twial-list short-list no-list-style unordered-list-255 list-icon-type-imageicon\">\n                <ul><li><i class=\"\"><\/i>Contratos y servicios de mantenimiento integral de plataformas SCADA.<\/li><li><i class=\"\"><\/i>Normalizaci\u00f3n y mejoramiento de sistemas existentes.<\/li><li><i class=\"\"><\/i>Configuraci\u00f3n, integraci\u00f3n y desarrollo de softwares.<\/li><li><i class=\"\"><\/i>Asistencia t\u00e9cnica en sitio y en forma remota.<\/li><li><i class=\"\"><\/i>Laboratorio de pruebas y softwares de simulaci\u00f3n.<\/li>\n                <\/ul>\n            <\/div>  \n            \n                <style>\n                     .unordered-list-255.list-icon-type-imageicon li:before {\n                         background-image: url(https:\/\/scadatech.cl\/home\/wp-content\/uploads\/2018\/07\/lict-icon.png);\n                     }   \n                <\/style>\n            \n    <\/div>\n    [\/vc_column][\/vc_row][vc_row full_width=&#8221;stretch_row&#8221; css=&#8221;.vc_custom_1722443698272{padding-top: 120px !important;padding-bottom: 63px !important;background-color: #f7f7f7 !important;}&#8221;][vc_column width=&#8221;1\/2&#8243; css=&#8221;.vc_custom_1727055612421{padding-left: 5% !important;}&#8221; el_id=&#8221;asesorias&#8221;][vc_single_image image=&#8221;2381&#8243; img_size=&#8221;100&#215;100&#8243; css=&#8221;&#8221;]\n        <div class=\"twt-wrap \">\n            <h1 style=\"color:#1f6cbb;font-size: 36px\">Asesor\u00edas<\/h1>\n            \n        <\/div>\n    [vc_empty_space]\n    <div class=\"unordered-list-wrap \">\n         \n        <h4><\/h4>\n                \n            <div class=\"twial-list short-list no-list-style unordered-list-291 list-icon-type-imageicon\">\n                <ul><li><i class=\"\"><\/i>Asesor\u00eda para el cumplimiento de la norma t\u00e9cnica de seguridad y calidad del servicio NTSyCS.<\/li><li><i class=\"\"><\/i>Inspecci\u00f3n t\u00e9cnica y auditor\u00edas de sistemas SCADA y SITR.<\/li><li><i class=\"\"><\/i>Evaluaci\u00f3n t\u00e9cnica y econ\u00f3mica de proyectos.<\/li><li><i class=\"\"><\/i>Bases de licitaci\u00f3n.<\/li>\n                <\/ul>\n            <\/div>  \n            \n                <style>\n                     .unordered-list-291.list-icon-type-imageicon li:before {\n                         background-image: url(https:\/\/scadatech.cl\/home\/wp-content\/uploads\/2018\/07\/lict-icon.png);\n                     }   \n                <\/style>\n            \n    <\/div>\n    [\/vc_column][vc_column width=&#8221;1\/2&#8243; css=&#8221;.vc_custom_1722443556171{padding-right: 5% !important;padding-left: 5% !important;}&#8221;][vc_gallery type=&#8221;image_grid&#8221; images=&#8221;3000,2998,2999&#8243; img_size=&#8221;500&#215;200&#8243; css=&#8221;&#8221;][\/vc_column][\/vc_row][vc_row full_width=&#8221;stretch_row&#8221; css=&#8221;.vc_custom_1722443349784{padding-top: 120px !important;padding-bottom: 63px !important;background-color: #ffffff !important;}&#8221;][vc_column width=&#8221;1\/2&#8243; css=&#8221;.vc_custom_1722443733893{padding-right: 5% !important;padding-left: 5% !important;}&#8221;][vc_gallery type=&#8221;image_grid&#8221; images=&#8221;3003,3002,3001&#8243; img_size=&#8221;500&#215;200&#8243; css=&#8221;&#8221;][\/vc_column][vc_column width=&#8221;1\/2&#8243; css=&#8221;.vc_custom_1727055622624{padding-right: 5% !important;padding-left: 5% !important;}&#8221; el_id=&#8221;telecomunicaciones&#8221;][vc_single_image image=&#8221;2380&#8243; img_size=&#8221;100&#215;100&#8243; css=&#8221;&#8221;]\n        <div class=\"twt-wrap \">\n            <h1 style=\"color:#1f6cbb;font-size: 36px\">Telecomunicaciones<\/h1>\n            \n        <\/div>\n    [vc_empty_space]\n    <div class=\"unordered-list-wrap \">\n         \n        <h4><\/h4>\n                \n            <div class=\"twial-list short-list no-list-style unordered-list-901 list-icon-type-imageicon\">\n                <ul><li><i class=\"\"><\/i>Implementaci\u00f3n de sistemas de comunicaciones industriales, radiofrecuencia y networking.<\/li><li><i class=\"\"><\/i>Soluciones redundantes PRP y HSR.<\/li><li><i class=\"\"><\/i>Certificaci\u00f3n de fibra \u00f3ptica.<\/li><li><i class=\"\"><\/i>Implementaci\u00f3n de medidas de ciberseguridad para el sector el\u00e9ctrico.<\/li>\n                <\/ul>\n            <\/div>  \n            \n                <style>\n                     .unordered-list-901.list-icon-type-imageicon li:before {\n                         background-image: url(https:\/\/scadatech.cl\/home\/wp-content\/uploads\/2018\/07\/lict-icon.png);\n                     }   \n                <\/style>\n            \n    <\/div>\n    [\/vc_column][\/vc_row]<\/p>\n<\/div>","protected":false},"excerpt":{"rendered":"<p>[vc_row full_width=&#8221;stretch_row&#8221; css=&#8221;.vc_custom_1722443349784{padding-top: 120px !important;padding-bottom: 63px !important;background-color: #ffffff !important;}&#8221;][vc_column width=&#8221;1\/2&#8243; css=&#8221;.vc_custom_1722443733893{padding-right: 5% !important;padding-left: 5% !important;}&#8221;][vc_gallery type=&#8221;image_grid&#8221; images=&#8221;2518,2990,2544&#8243; img_size=&#8221;500&#215;200&#8243; css=&#8221;&#8221;][\/vc_column][vc_column width=&#8221;1\/2&#8243; css=&#8221;.vc_custom_1727055523168{padding-right: 5% !important;padding-left: 5% !important;}&#8221; el_id=&#8221;sistemas&#8221;][vc_single_image image=&#8221;2378&#8243; img_size=&#8221;100&#215;100&#8243; css=&#8221;&#8221;][vc_empty_space][\/vc_column][\/vc_row][vc_row full_width=&#8221;stretch_row&#8221; css=&#8221;.vc_custom_1722443698272{padding-top: 120px !important;padding-bottom: 63px !important;background-color: #f7f7f7 !important;}&#8221;][vc_column width=&#8221;1\/2&#8243; css=&#8221;.vc_custom_1727055590849{padding-left: 5% !important;}&#8221; el_id=&#8221;integracion&#8221;][vc_single_image image=&#8221;2376&#8243; img_size=&#8221;100&#215;100&#8243; css=&#8221;&#8221;][vc_empty_space][\/vc_column][vc_column width=&#8221;1\/2&#8243; css=&#8221;.vc_custom_1722443556171{padding-right: 5% !important;padding-left: 5% !important;}&#8221;][vc_gallery type=&#8221;image_grid&#8221; images=&#8221;2994,2993,2992&#8243; img_size=&#8221;500&#215;200&#8243; css=&#8221;&#8221;][\/vc_column][\/vc_row][vc_row [&hellip;]<\/p>\n","protected":false},"author":1,"featured_media":2627,"parent":0,"menu_order":0,"comment_status":"closed","ping_status":"closed","template":"","meta":{"footnotes":""},"class_list":["post-2717","page","type-page","status-publish","has-post-thumbnail","hentry"],"yoast_head":"<!-- This site is optimized with the Yoast SEO plugin v26.9 - https:\/\/yoast.com\/product\/yoast-seo-wordpress\/ -->\n<title>Scadatech | Servicios<\/title>\n<meta name=\"description\" content=\"En Scadatech brindamos soluciones integrales, ideas y mejoras e innovaciones tecnol\u00f3gicas, contribuyendo al cumplimiento de los est\u00e1ndares.\" \/>\n<meta name=\"robots\" content=\"index, follow, max-snippet:-1, max-image-preview:large, max-video-preview:-1\" \/>\n<link rel=\"canonical\" href=\"https:\/\/scadatech.cl\/home\/servicios\/\" \/>\n<meta property=\"og:locale\" content=\"es_ES\" \/>\n<meta property=\"og:type\" content=\"article\" \/>\n<meta property=\"og:title\" content=\"Scadatech | Servicios\" \/>\n<meta property=\"og:description\" content=\"En Scadatech brindamos soluciones integrales, ideas y mejoras e innovaciones tecnol\u00f3gicas, contribuyendo al cumplimiento de los est\u00e1ndares.\" \/>\n<meta property=\"og:url\" content=\"https:\/\/scadatech.cl\/home\/servicios\/\" \/>\n<meta property=\"og:site_name\" content=\"Scadatech\" \/>\n<meta property=\"article:modified_time\" content=\"2024-09-23T01:40:02+00:00\" \/>\n<meta property=\"og:image\" content=\"https:\/\/scadatech.cl\/home\/wp-content\/uploads\/2024\/07\/scadatech.png\" \/>\n\t<meta property=\"og:image:width\" content=\"1200\" \/>\n\t<meta property=\"og:image:height\" content=\"800\" \/>\n\t<meta property=\"og:image:type\" content=\"image\/png\" \/>\n<meta name=\"twitter:card\" content=\"summary_large_image\" \/>\n<meta name=\"twitter:label1\" content=\"Tiempo estimado de lectura\" \/>\n\t<meta name=\"twitter:data1\" content=\"7 minutos\" \/>\n<script type=\"application\/ld+json\" class=\"yoast-schema-graph\">{\"@context\":\"https:\/\/schema.org\",\"@graph\":[{\"@type\":\"WebPage\",\"@id\":\"https:\/\/scadatech.cl\/home\/servicios\/\",\"url\":\"https:\/\/scadatech.cl\/home\/servicios\/\",\"name\":\"Scadatech | Servicios\",\"isPartOf\":{\"@id\":\"https:\/\/scadatech.cl\/home\/#website\"},\"primaryImageOfPage\":{\"@id\":\"https:\/\/scadatech.cl\/home\/servicios\/#primaryimage\"},\"image\":{\"@id\":\"https:\/\/scadatech.cl\/home\/servicios\/#primaryimage\"},\"thumbnailUrl\":\"https:\/\/scadatech.cl\/home\/wp-content\/uploads\/2024\/07\/scadatech.png\",\"datePublished\":\"2024-07-31T14:47:35+00:00\",\"dateModified\":\"2024-09-23T01:40:02+00:00\",\"description\":\"En Scadatech brindamos soluciones integrales, ideas y mejoras e innovaciones tecnol\u00f3gicas, contribuyendo al cumplimiento de los est\u00e1ndares.\",\"breadcrumb\":{\"@id\":\"https:\/\/scadatech.cl\/home\/servicios\/#breadcrumb\"},\"inLanguage\":\"es-CL\",\"potentialAction\":[{\"@type\":\"ReadAction\",\"target\":[\"https:\/\/scadatech.cl\/home\/servicios\/\"]}]},{\"@type\":\"ImageObject\",\"inLanguage\":\"es-CL\",\"@id\":\"https:\/\/scadatech.cl\/home\/servicios\/#primaryimage\",\"url\":\"https:\/\/scadatech.cl\/home\/wp-content\/uploads\/2024\/07\/scadatech.png\",\"contentUrl\":\"https:\/\/scadatech.cl\/home\/wp-content\/uploads\/2024\/07\/scadatech.png\",\"width\":1200,\"height\":800,\"caption\":\"Scadatech\"},{\"@type\":\"BreadcrumbList\",\"@id\":\"https:\/\/scadatech.cl\/home\/servicios\/#breadcrumb\",\"itemListElement\":[{\"@type\":\"ListItem\",\"position\":1,\"name\":\"Portada\",\"item\":\"https:\/\/scadatech.cl\/home\/\"},{\"@type\":\"ListItem\",\"position\":2,\"name\":\"Servicios\"}]},{\"@type\":\"WebSite\",\"@id\":\"https:\/\/scadatech.cl\/home\/#website\",\"url\":\"https:\/\/scadatech.cl\/home\/\",\"name\":\"Scadatech\",\"description\":\"\",\"publisher\":{\"@id\":\"https:\/\/scadatech.cl\/home\/#organization\"},\"potentialAction\":[{\"@type\":\"SearchAction\",\"target\":{\"@type\":\"EntryPoint\",\"urlTemplate\":\"https:\/\/scadatech.cl\/home\/?s={search_term_string}\"},\"query-input\":{\"@type\":\"PropertyValueSpecification\",\"valueRequired\":true,\"valueName\":\"search_term_string\"}}],\"inLanguage\":\"es-CL\"},{\"@type\":\"Organization\",\"@id\":\"https:\/\/scadatech.cl\/home\/#organization\",\"name\":\"Scadatech\",\"url\":\"https:\/\/scadatech.cl\/home\/\",\"logo\":{\"@type\":\"ImageObject\",\"inLanguage\":\"es-CL\",\"@id\":\"https:\/\/scadatech.cl\/home\/#\/schema\/logo\/image\/\",\"url\":\"https:\/\/scadatech.cl\/home\/wp-content\/uploads\/2024\/07\/faivon.png\",\"contentUrl\":\"https:\/\/scadatech.cl\/home\/wp-content\/uploads\/2024\/07\/faivon.png\",\"width\":512,\"height\":512,\"caption\":\"Scadatech\"},\"image\":{\"@id\":\"https:\/\/scadatech.cl\/home\/#\/schema\/logo\/image\/\"}}]}<\/script>\n<!-- \/ Yoast SEO plugin. -->","yoast_head_json":{"title":"Scadatech | Servicios","description":"En Scadatech brindamos soluciones integrales, ideas y mejoras e innovaciones tecnol\u00f3gicas, contribuyendo al cumplimiento de los est\u00e1ndares.","robots":{"index":"index","follow":"follow","max-snippet":"max-snippet:-1","max-image-preview":"max-image-preview:large","max-video-preview":"max-video-preview:-1"},"canonical":"https:\/\/scadatech.cl\/home\/servicios\/","og_locale":"es_ES","og_type":"article","og_title":"Scadatech | Servicios","og_description":"En Scadatech brindamos soluciones integrales, ideas y mejoras e innovaciones tecnol\u00f3gicas, contribuyendo al cumplimiento de los est\u00e1ndares.","og_url":"https:\/\/scadatech.cl\/home\/servicios\/","og_site_name":"Scadatech","article_modified_time":"2024-09-23T01:40:02+00:00","og_image":[{"width":1200,"height":800,"url":"https:\/\/scadatech.cl\/home\/wp-content\/uploads\/2024\/07\/scadatech.png","type":"image\/png"}],"twitter_card":"summary_large_image","twitter_misc":{"Tiempo estimado de lectura":"7 minutos"},"schema":{"@context":"https:\/\/schema.org","@graph":[{"@type":"WebPage","@id":"https:\/\/scadatech.cl\/home\/servicios\/","url":"https:\/\/scadatech.cl\/home\/servicios\/","name":"Scadatech | Servicios","isPartOf":{"@id":"https:\/\/scadatech.cl\/home\/#website"},"primaryImageOfPage":{"@id":"https:\/\/scadatech.cl\/home\/servicios\/#primaryimage"},"image":{"@id":"https:\/\/scadatech.cl\/home\/servicios\/#primaryimage"},"thumbnailUrl":"https:\/\/scadatech.cl\/home\/wp-content\/uploads\/2024\/07\/scadatech.png","datePublished":"2024-07-31T14:47:35+00:00","dateModified":"2024-09-23T01:40:02+00:00","description":"En Scadatech brindamos soluciones integrales, ideas y mejoras e innovaciones tecnol\u00f3gicas, contribuyendo al cumplimiento de los est\u00e1ndares.","breadcrumb":{"@id":"https:\/\/scadatech.cl\/home\/servicios\/#breadcrumb"},"inLanguage":"es-CL","potentialAction":[{"@type":"ReadAction","target":["https:\/\/scadatech.cl\/home\/servicios\/"]}]},{"@type":"ImageObject","inLanguage":"es-CL","@id":"https:\/\/scadatech.cl\/home\/servicios\/#primaryimage","url":"https:\/\/scadatech.cl\/home\/wp-content\/uploads\/2024\/07\/scadatech.png","contentUrl":"https:\/\/scadatech.cl\/home\/wp-content\/uploads\/2024\/07\/scadatech.png","width":1200,"height":800,"caption":"Scadatech"},{"@type":"BreadcrumbList","@id":"https:\/\/scadatech.cl\/home\/servicios\/#breadcrumb","itemListElement":[{"@type":"ListItem","position":1,"name":"Portada","item":"https:\/\/scadatech.cl\/home\/"},{"@type":"ListItem","position":2,"name":"Servicios"}]},{"@type":"WebSite","@id":"https:\/\/scadatech.cl\/home\/#website","url":"https:\/\/scadatech.cl\/home\/","name":"Scadatech","description":"","publisher":{"@id":"https:\/\/scadatech.cl\/home\/#organization"},"potentialAction":[{"@type":"SearchAction","target":{"@type":"EntryPoint","urlTemplate":"https:\/\/scadatech.cl\/home\/?s={search_term_string}"},"query-input":{"@type":"PropertyValueSpecification","valueRequired":true,"valueName":"search_term_string"}}],"inLanguage":"es-CL"},{"@type":"Organization","@id":"https:\/\/scadatech.cl\/home\/#organization","name":"Scadatech","url":"https:\/\/scadatech.cl\/home\/","logo":{"@type":"ImageObject","inLanguage":"es-CL","@id":"https:\/\/scadatech.cl\/home\/#\/schema\/logo\/image\/","url":"https:\/\/scadatech.cl\/home\/wp-content\/uploads\/2024\/07\/faivon.png","contentUrl":"https:\/\/scadatech.cl\/home\/wp-content\/uploads\/2024\/07\/faivon.png","width":512,"height":512,"caption":"Scadatech"},"image":{"@id":"https:\/\/scadatech.cl\/home\/#\/schema\/logo\/image\/"}}]}},"_links":{"self":[{"href":"https:\/\/scadatech.cl\/home\/wp-json\/wp\/v2\/pages\/2717","targetHints":{"allow":["GET"]}}],"collection":[{"href":"https:\/\/scadatech.cl\/home\/wp-json\/wp\/v2\/pages"}],"about":[{"href":"https:\/\/scadatech.cl\/home\/wp-json\/wp\/v2\/types\/page"}],"author":[{"embeddable":true,"href":"https:\/\/scadatech.cl\/home\/wp-json\/wp\/v2\/users\/1"}],"replies":[{"embeddable":true,"href":"https:\/\/scadatech.cl\/home\/wp-json\/wp\/v2\/comments?post=2717"}],"version-history":[{"count":0,"href":"https:\/\/scadatech.cl\/home\/wp-json\/wp\/v2\/pages\/2717\/revisions"}],"wp:featuredmedia":[{"embeddable":true,"href":"https:\/\/scadatech.cl\/home\/wp-json\/wp\/v2\/media\/2627"}],"wp:attachment":[{"href":"https:\/\/scadatech.cl\/home\/wp-json\/wp\/v2\/media?parent=2717"}],"curies":[{"name":"wp","href":"https:\/\/api.w.org\/{rel}","templated":true}]}}