{"id":10,"date":"2018-07-08T03:11:00","date_gmt":"2018-07-08T03:11:00","guid":{"rendered":"http:\/\/tf.themedraft.com\/wp\/xzopro\/?page_id=10"},"modified":"2024-09-10T21:56:13","modified_gmt":"2024-09-11T01:56:13","slug":"noticias","status":"publish","type":"page","link":"https:\/\/scadatech.cl\/home\/noticias\/","title":{"rendered":"Noticias"},"content":{"rendered":"<div class=\"wpb-content-wrapper\"><p>[vc_section css=&#8221;.vc_custom_1726019774074{padding-top: 90px !important;padding-bottom: 90px !important;}&#8221;][vc_row][vc_column]<div class=\"row recent-post-2-wrapper \">\n            <div class=\"col-lg-4 col-md-6\">\n                <div class=\"single-recent-post\">\n                    <div class=\"post-thumbnail\" \n                style=\"background-image: url(https:\/\/scadatech.cl\/home\/wp-content\/uploads\/2018\/07\/20220225w18.jpg)\" ><\/div>\n \n                    <div class=\"content\">\n                        <a href=\"https:\/\/scadatech.cl\/home\/transelec-refuerza-su-sistema-electrico-con-la-ayuda-de-scadatech\/\"><h4>Transelec refuerza su sistema el\u00e9ctrico con la ayuda de Scadatech<\/h4><\/a>\n                        <div class=\"post-header-meta\">\n                            <ul class=\"no-list-style\">\n                                <li class=\"post-author\"><i class=\"flaticon-finance-avatar\"><\/i><a href=\"https:\/\/scadatech.cl\/home\/author\/mdelreal\/\" title=\"Entradas de mdelreal\" rel=\"author\">mdelreal<\/a><\/li>\n                                <li><i class=\"fa fa-calendar\"><\/i>25, Febrero , 2022<\/li>\n                            <\/ul>\n                        <\/div>\n                        \n                        La compa\u00f1\u00eda Transelec, principal distribuidora de energ\u00eda el\u00e9ctrica en Chile, anunci\u00f3 su colaboraci\u00f3n con Scadatech, una empresa dedicada\n                        \n                        <div class=\"post-footer\">\n                                <ul class=\"no-list-style\">\n                                    <li><a class=\"service-read-more read-more\" href=\"https:\/\/scadatech.cl\/home\/transelec-refuerza-su-sistema-electrico-con-la-ayuda-de-scadatech\/\">Read More<\/a><\/li>\n                                    \n                                    <li class=\"text-right comment-count\"><i class=\"fa fa-comments-o\"><\/i>0<\/li>\n                                <\/ul>\n                        <\/div>\n                    <\/div>\n                <\/div><!--single-recent-post -->\n            <\/div>\n        \n            <div class=\"col-lg-4 col-md-6\">\n                <div class=\"single-recent-post\">\n                    <div class=\"post-thumbnail\" \n                style=\"background-image: url(https:\/\/scadatech.cl\/home\/wp-content\/uploads\/2018\/05\/2-soporte.jpg)\" ><\/div>\n \n                    <div class=\"content\">\n                        <a href=\"https:\/\/scadatech.cl\/home\/scadatech-genera-innovacion-y-desarrollo-en-los-sistemas-electricos-de-potencia-y-scada\/\"><h4>Scadatech genera innovaci\u00f3n y desarrollo en los sistemas el\u00e9ctricos de potencia y SCADA<\/h4><\/a>\n                        <div class=\"post-header-meta\">\n                            <ul class=\"no-list-style\">\n                                <li class=\"post-author\"><i class=\"flaticon-finance-avatar\"><\/i><a href=\"https:\/\/scadatech.cl\/home\/author\/mdelreal\/\" title=\"Entradas de mdelreal\" rel=\"author\">mdelreal<\/a><\/li>\n                                <li><i class=\"fa fa-calendar\"><\/i>28, Mayo , 2018<\/li>\n                            <\/ul>\n                        <\/div>\n                        \n                        La compa\u00f1\u00eda posee el software PcVue - HMI\/SCADA de ARC Informatique, el que, entre otras particularidades, integra de\n                        \n                        <div class=\"post-footer\">\n                                <ul class=\"no-list-style\">\n                                    <li><a class=\"service-read-more read-more\" href=\"https:\/\/scadatech.cl\/home\/scadatech-genera-innovacion-y-desarrollo-en-los-sistemas-electricos-de-potencia-y-scada\/\">Read More<\/a><\/li>\n                                    \n                                    <li class=\"text-right comment-count\"><i class=\"fa fa-comments-o\"><\/i>0<\/li>\n                                <\/ul>\n                        <\/div>\n                    <\/div>\n                <\/div><!--single-recent-post -->\n            <\/div>\n        <\/div>[\/vc_column][\/vc_row][\/vc_section]<\/p>\n<\/div>","protected":false},"excerpt":{"rendered":"<p>[vc_section css=&#8221;.vc_custom_1726019774074{padding-top: 90px !important;padding-bottom: 90px !important;}&#8221;][vc_row][vc_column][\/vc_column][\/vc_row][\/vc_section]<\/p>\n","protected":false},"author":1,"featured_media":2627,"parent":0,"menu_order":0,"comment_status":"closed","ping_status":"closed","template":"","meta":{"footnotes":""},"class_list":["post-10","page","type-page","status-publish","has-post-thumbnail","hentry"],"yoast_head":"<!-- This site is optimized with the Yoast SEO plugin v26.9 - https:\/\/yoast.com\/product\/yoast-seo-wordpress\/ -->\n<title>Scadatech | Noticias<\/title>\n<meta name=\"description\" content=\"En Scadatech brindamos soluciones integrales, ideas y mejoras e innovaciones tecnol\u00f3gicas, contribuyendo al cumplimiento de los est\u00e1ndares.\" \/>\n<meta name=\"robots\" content=\"index, follow, max-snippet:-1, max-image-preview:large, max-video-preview:-1\" \/>\n<link rel=\"canonical\" href=\"https:\/\/scadatech.cl\/home\/noticias\/\" \/>\n<meta property=\"og:locale\" content=\"es_ES\" \/>\n<meta property=\"og:type\" content=\"article\" \/>\n<meta property=\"og:title\" content=\"Scadatech | Noticias\" \/>\n<meta property=\"og:description\" content=\"En Scadatech brindamos soluciones integrales, ideas y mejoras e innovaciones tecnol\u00f3gicas, contribuyendo al cumplimiento de los est\u00e1ndares.\" \/>\n<meta property=\"og:url\" content=\"https:\/\/scadatech.cl\/home\/noticias\/\" \/>\n<meta property=\"og:site_name\" content=\"Scadatech\" \/>\n<meta property=\"article:modified_time\" content=\"2024-09-11T01:56:13+00:00\" \/>\n<meta property=\"og:image\" content=\"https:\/\/scadatech.cl\/home\/wp-content\/uploads\/2024\/07\/scadatech.png\" \/>\n\t<meta property=\"og:image:width\" content=\"1200\" \/>\n\t<meta property=\"og:image:height\" content=\"800\" \/>\n\t<meta property=\"og:image:type\" content=\"image\/png\" \/>\n<meta name=\"twitter:card\" content=\"summary_large_image\" \/>\n<meta name=\"twitter:label1\" content=\"Tiempo estimado de lectura\" \/>\n\t<meta name=\"twitter:data1\" content=\"1 minuto\" \/>\n<script type=\"application\/ld+json\" class=\"yoast-schema-graph\">{\"@context\":\"https:\/\/schema.org\",\"@graph\":[{\"@type\":\"WebPage\",\"@id\":\"https:\/\/scadatech.cl\/home\/noticias\/\",\"url\":\"https:\/\/scadatech.cl\/home\/noticias\/\",\"name\":\"Scadatech | Noticias\",\"isPartOf\":{\"@id\":\"https:\/\/scadatech.cl\/home\/#website\"},\"primaryImageOfPage\":{\"@id\":\"https:\/\/scadatech.cl\/home\/noticias\/#primaryimage\"},\"image\":{\"@id\":\"https:\/\/scadatech.cl\/home\/noticias\/#primaryimage\"},\"thumbnailUrl\":\"https:\/\/scadatech.cl\/home\/wp-content\/uploads\/2024\/07\/scadatech.png\",\"datePublished\":\"2018-07-08T03:11:00+00:00\",\"dateModified\":\"2024-09-11T01:56:13+00:00\",\"description\":\"En Scadatech brindamos soluciones integrales, ideas y mejoras e innovaciones tecnol\u00f3gicas, contribuyendo al cumplimiento de los est\u00e1ndares.\",\"breadcrumb\":{\"@id\":\"https:\/\/scadatech.cl\/home\/noticias\/#breadcrumb\"},\"inLanguage\":\"es-CL\",\"potentialAction\":[{\"@type\":\"ReadAction\",\"target\":[\"https:\/\/scadatech.cl\/home\/noticias\/\"]}]},{\"@type\":\"ImageObject\",\"inLanguage\":\"es-CL\",\"@id\":\"https:\/\/scadatech.cl\/home\/noticias\/#primaryimage\",\"url\":\"https:\/\/scadatech.cl\/home\/wp-content\/uploads\/2024\/07\/scadatech.png\",\"contentUrl\":\"https:\/\/scadatech.cl\/home\/wp-content\/uploads\/2024\/07\/scadatech.png\",\"width\":1200,\"height\":800,\"caption\":\"Scadatech\"},{\"@type\":\"BreadcrumbList\",\"@id\":\"https:\/\/scadatech.cl\/home\/noticias\/#breadcrumb\",\"itemListElement\":[{\"@type\":\"ListItem\",\"position\":1,\"name\":\"Portada\",\"item\":\"https:\/\/scadatech.cl\/home\/\"},{\"@type\":\"ListItem\",\"position\":2,\"name\":\"Noticias\"}]},{\"@type\":\"WebSite\",\"@id\":\"https:\/\/scadatech.cl\/home\/#website\",\"url\":\"https:\/\/scadatech.cl\/home\/\",\"name\":\"Scadatech\",\"description\":\"\",\"publisher\":{\"@id\":\"https:\/\/scadatech.cl\/home\/#organization\"},\"potentialAction\":[{\"@type\":\"SearchAction\",\"target\":{\"@type\":\"EntryPoint\",\"urlTemplate\":\"https:\/\/scadatech.cl\/home\/?s={search_term_string}\"},\"query-input\":{\"@type\":\"PropertyValueSpecification\",\"valueRequired\":true,\"valueName\":\"search_term_string\"}}],\"inLanguage\":\"es-CL\"},{\"@type\":\"Organization\",\"@id\":\"https:\/\/scadatech.cl\/home\/#organization\",\"name\":\"Scadatech\",\"url\":\"https:\/\/scadatech.cl\/home\/\",\"logo\":{\"@type\":\"ImageObject\",\"inLanguage\":\"es-CL\",\"@id\":\"https:\/\/scadatech.cl\/home\/#\/schema\/logo\/image\/\",\"url\":\"https:\/\/scadatech.cl\/home\/wp-content\/uploads\/2024\/07\/faivon.png\",\"contentUrl\":\"https:\/\/scadatech.cl\/home\/wp-content\/uploads\/2024\/07\/faivon.png\",\"width\":512,\"height\":512,\"caption\":\"Scadatech\"},\"image\":{\"@id\":\"https:\/\/scadatech.cl\/home\/#\/schema\/logo\/image\/\"}}]}<\/script>\n<!-- \/ Yoast SEO plugin. -->","yoast_head_json":{"title":"Scadatech | Noticias","description":"En Scadatech brindamos soluciones integrales, ideas y mejoras e innovaciones tecnol\u00f3gicas, contribuyendo al cumplimiento de los est\u00e1ndares.","robots":{"index":"index","follow":"follow","max-snippet":"max-snippet:-1","max-image-preview":"max-image-preview:large","max-video-preview":"max-video-preview:-1"},"canonical":"https:\/\/scadatech.cl\/home\/noticias\/","og_locale":"es_ES","og_type":"article","og_title":"Scadatech | Noticias","og_description":"En Scadatech brindamos soluciones integrales, ideas y mejoras e innovaciones tecnol\u00f3gicas, contribuyendo al cumplimiento de los est\u00e1ndares.","og_url":"https:\/\/scadatech.cl\/home\/noticias\/","og_site_name":"Scadatech","article_modified_time":"2024-09-11T01:56:13+00:00","og_image":[{"width":1200,"height":800,"url":"https:\/\/scadatech.cl\/home\/wp-content\/uploads\/2024\/07\/scadatech.png","type":"image\/png"}],"twitter_card":"summary_large_image","twitter_misc":{"Tiempo estimado de lectura":"1 minuto"},"schema":{"@context":"https:\/\/schema.org","@graph":[{"@type":"WebPage","@id":"https:\/\/scadatech.cl\/home\/noticias\/","url":"https:\/\/scadatech.cl\/home\/noticias\/","name":"Scadatech | Noticias","isPartOf":{"@id":"https:\/\/scadatech.cl\/home\/#website"},"primaryImageOfPage":{"@id":"https:\/\/scadatech.cl\/home\/noticias\/#primaryimage"},"image":{"@id":"https:\/\/scadatech.cl\/home\/noticias\/#primaryimage"},"thumbnailUrl":"https:\/\/scadatech.cl\/home\/wp-content\/uploads\/2024\/07\/scadatech.png","datePublished":"2018-07-08T03:11:00+00:00","dateModified":"2024-09-11T01:56:13+00:00","description":"En Scadatech brindamos soluciones integrales, ideas y mejoras e innovaciones tecnol\u00f3gicas, contribuyendo al cumplimiento de los est\u00e1ndares.","breadcrumb":{"@id":"https:\/\/scadatech.cl\/home\/noticias\/#breadcrumb"},"inLanguage":"es-CL","potentialAction":[{"@type":"ReadAction","target":["https:\/\/scadatech.cl\/home\/noticias\/"]}]},{"@type":"ImageObject","inLanguage":"es-CL","@id":"https:\/\/scadatech.cl\/home\/noticias\/#primaryimage","url":"https:\/\/scadatech.cl\/home\/wp-content\/uploads\/2024\/07\/scadatech.png","contentUrl":"https:\/\/scadatech.cl\/home\/wp-content\/uploads\/2024\/07\/scadatech.png","width":1200,"height":800,"caption":"Scadatech"},{"@type":"BreadcrumbList","@id":"https:\/\/scadatech.cl\/home\/noticias\/#breadcrumb","itemListElement":[{"@type":"ListItem","position":1,"name":"Portada","item":"https:\/\/scadatech.cl\/home\/"},{"@type":"ListItem","position":2,"name":"Noticias"}]},{"@type":"WebSite","@id":"https:\/\/scadatech.cl\/home\/#website","url":"https:\/\/scadatech.cl\/home\/","name":"Scadatech","description":"","publisher":{"@id":"https:\/\/scadatech.cl\/home\/#organization"},"potentialAction":[{"@type":"SearchAction","target":{"@type":"EntryPoint","urlTemplate":"https:\/\/scadatech.cl\/home\/?s={search_term_string}"},"query-input":{"@type":"PropertyValueSpecification","valueRequired":true,"valueName":"search_term_string"}}],"inLanguage":"es-CL"},{"@type":"Organization","@id":"https:\/\/scadatech.cl\/home\/#organization","name":"Scadatech","url":"https:\/\/scadatech.cl\/home\/","logo":{"@type":"ImageObject","inLanguage":"es-CL","@id":"https:\/\/scadatech.cl\/home\/#\/schema\/logo\/image\/","url":"https:\/\/scadatech.cl\/home\/wp-content\/uploads\/2024\/07\/faivon.png","contentUrl":"https:\/\/scadatech.cl\/home\/wp-content\/uploads\/2024\/07\/faivon.png","width":512,"height":512,"caption":"Scadatech"},"image":{"@id":"https:\/\/scadatech.cl\/home\/#\/schema\/logo\/image\/"}}]}},"_links":{"self":[{"href":"https:\/\/scadatech.cl\/home\/wp-json\/wp\/v2\/pages\/10","targetHints":{"allow":["GET"]}}],"collection":[{"href":"https:\/\/scadatech.cl\/home\/wp-json\/wp\/v2\/pages"}],"about":[{"href":"https:\/\/scadatech.cl\/home\/wp-json\/wp\/v2\/types\/page"}],"author":[{"embeddable":true,"href":"https:\/\/scadatech.cl\/home\/wp-json\/wp\/v2\/users\/1"}],"replies":[{"embeddable":true,"href":"https:\/\/scadatech.cl\/home\/wp-json\/wp\/v2\/comments?post=10"}],"version-history":[{"count":0,"href":"https:\/\/scadatech.cl\/home\/wp-json\/wp\/v2\/pages\/10\/revisions"}],"wp:featuredmedia":[{"embeddable":true,"href":"https:\/\/scadatech.cl\/home\/wp-json\/wp\/v2\/media\/2627"}],"wp:attachment":[{"href":"https:\/\/scadatech.cl\/home\/wp-json\/wp\/v2\/media?parent=10"}],"curies":[{"name":"wp","href":"https:\/\/api.w.org\/{rel}","templated":true}]}}